{"id":6031,"date":"2023-07-01T07:19:47","date_gmt":"2023-07-01T07:19:47","guid":{"rendered":"http:\/\/mmacpresence.local\/?page_id=6031"},"modified":"2023-07-22T13:55:29","modified_gmt":"2023-07-22T17:55:29","slug":"resources","status":"publish","type":"page","link":"https:\/\/mightymac.com.mx\/es\/resources\/","title":{"rendered":"Recursos"},"content":{"rendered":"<meta itemscope itemprop=\"mainEntityOfPage\" itemtype=\"https:\/\/schema.org\/WebPage\" itemid=\"https:\/\/mightymac.com.mx\/blue-diamond-linear-blowers\/\" content=\"Blue Diamond Linear Blowers\" \/><meta itemprop=\"datePublished\" content=\"2023-07-22\" \/><meta itemprop=\"dateModified\" content=\"2023-07-22\" \/><meta itemprop=\"name\" content=\"Mighty Mac Co\"\/><meta itemprop=\"url\" content=\"https:\/\/mightymac.com.mx\/author\/bill\/\" \/><meta itemprop=\"name\" content=\"Bill Bugg\" \/><meta itemprop=\"url\" content=\"https:\/\/mightymac.com.mx\/wp-content\/uploads\/2023\/07\/blue_diamond_linear_compressor.webp\" \/><meta itemprop=\"width\" content=\"696\" \/><meta itemprop=\"height\" content=\"670\" \/><meta itemprop=\"interactionType\" content=\"https:\/\/schema.org\/CommentAction\" \/><meta itemprop=\"userInteractionCount\" content=\"0\" \/>\t\n\t<a href=\"https:\/\/mightymac.com.mx\/es\/blue-diamond-linear-blowers\/\" rel=\"bookmark\" title=\"Blue Diamond Linear Blowers\">\n\t\t<img width=\"300\" height=\"289\" src=\"https:\/\/mightymac.com.mx\/wp-content\/uploads\/2023\/07\/blue_diamond_linear_compressor-300x289.webp\" alt=\"\" decoding=\"async\" loading=\"lazy\" srcset=\"https:\/\/mightymac.com.mx\/wp-content\/uploads\/2023\/07\/blue_diamond_linear_compressor-300x289.webp 300w, https:\/\/mightymac.com.mx\/wp-content\/uploads\/2023\/07\/blue_diamond_linear_compressor-12x12.webp 12w, https:\/\/mightymac.com.mx\/wp-content\/uploads\/2023\/07\/blue_diamond_linear_compressor.webp 696w\" sizes=\"auto, (max-width: 300px) 100vw, 300px\" \/>\t<\/a>\n\t\t<h3 itemprop=\"headline\">\n\t\t\t<a href=\"https:\/\/mightymac.com.mx\/es\/blue-diamond-linear-blowers\/\" title=\"Blue Diamond Linear Blowers\">Blue Diamond Linear Blowers<\/a>\n\t\t<\/h3>\n\t\t\t\t\t\t<p>Explore our valuable resources for Blue Diamond Linear Blowers. Find detailed data on ET SERIES DS 2018 models, available for download.<\/p>\n\t\t\t\t\t\t\t\t\t<a href=\"https:\/\/mightymac.com.mx\/es\/blue-diamond-linear-blowers\/\" title=\"Blue Diamond Linear Blowers\">Leer M\u00e1s<\/a>\n\t<meta itemscope itemprop=\"mainEntityOfPage\" itemtype=\"https:\/\/schema.org\/WebPage\" itemid=\"https:\/\/mightymac.com.mx\/about-mighty-mac\/\" content=\"About Mighty Mac\" \/><meta itemprop=\"datePublished\" content=\"2023-07-01\" \/><meta itemprop=\"dateModified\" content=\"2023-07-04\" \/><meta itemprop=\"name\" content=\"Mighty Mac Co\"\/><meta itemprop=\"url\" content=\"https:\/\/mightymac.com.mx\/author\/bill\/\" \/><meta itemprop=\"name\" content=\"Bill Bugg\" \/><meta itemprop=\"url\" content=\"https:\/\/mightymac.com.mx\/wp-content\/uploads\/2023\/07\/multipledwelling.jpg\" \/><meta itemprop=\"width\" content=\"389\" \/><meta itemprop=\"height\" content=\"291\" \/><meta itemprop=\"interactionType\" content=\"https:\/\/schema.org\/CommentAction\" \/><meta itemprop=\"userInteractionCount\" content=\"0\" \/>\t\n\t<a href=\"https:\/\/mightymac.com.mx\/es\/about-mighty-mac\/\" rel=\"bookmark\" title=\"Acerca de Mighty Mac\">\n\t\t<img width=\"300\" height=\"224\" src=\"https:\/\/mightymac.com.mx\/wp-content\/uploads\/2023\/07\/multipledwelling-300x224.jpg\" alt=\"\" decoding=\"async\" loading=\"lazy\" srcset=\"https:\/\/mightymac.com.mx\/wp-content\/uploads\/2023\/07\/multipledwelling-300x224.jpg 300w, https:\/\/mightymac.com.mx\/wp-content\/uploads\/2023\/07\/multipledwelling-16x12.jpg 16w, https:\/\/mightymac.com.mx\/wp-content\/uploads\/2023\/07\/multipledwelling.jpg 389w\" sizes=\"auto, (max-width: 300px) 100vw, 300px\" \/>\t<\/a>\n\t\t<h3 itemprop=\"headline\">\n\t\t\t<a href=\"https:\/\/mightymac.com.mx\/es\/about-mighty-mac\/\" title=\"Acerca de Mighty Mac\">Acerca de Mighty Mac<\/a>\n\t\t<\/h3>\n\t\t\t\t\t\t<p>Conozca m\u00e1s acerca de Mighty Mac a trav\u00e9s de nuestros amplios recursos. Descargue folletos, manuales para propietarios, pol\u00edticas de servicio y m\u00e1s, disponibles tanto en ingl\u00e9s como en espa\u00f1ol. Esto incluye informaci\u00f3n sobre nuestros productos certificados por NSF y una \u00fatil Encuesta de Evaluaci\u00f3n Residencial.<\/p>\n\t\t\t\t\t\t\t\t\t<a href=\"https:\/\/mightymac.com.mx\/es\/about-mighty-mac\/\" title=\"Acerca de Mighty Mac\">Leer M\u00e1s<\/a>\n\t<meta itemscope itemprop=\"mainEntityOfPage\" itemtype=\"https:\/\/schema.org\/WebPage\" itemid=\"https:\/\/mightymac.com.mx\/drawing-specifications\/\" content=\"Drawing &amp; Specifications\" \/><meta itemprop=\"datePublished\" content=\"2023-07-01\" \/><meta itemprop=\"dateModified\" content=\"2023-07-04\" \/><meta itemprop=\"name\" content=\"Mighty Mac Co\"\/><meta itemprop=\"url\" content=\"https:\/\/mightymac.com.mx\/author\/bill\/\" \/><meta itemprop=\"name\" content=\"Bill Bugg\" \/><meta itemprop=\"url\" content=\"https:\/\/mightymac.com.mx\/wp-content\/uploads\/2023\/07\/slide1-1.jpg\" \/><meta itemprop=\"width\" content=\"980\" \/><meta itemprop=\"height\" content=\"400\" \/><meta itemprop=\"interactionType\" content=\"https:\/\/schema.org\/CommentAction\" \/><meta itemprop=\"userInteractionCount\" content=\"0\" \/>\t\n\t<a href=\"https:\/\/mightymac.com.mx\/es\/drawing-specifications\/\" rel=\"bookmark\" title=\"Dibujo y especificaciones\">\n\t\t<img width=\"300\" height=\"122\" src=\"https:\/\/mightymac.com.mx\/wp-content\/uploads\/2023\/07\/slide1-1-300x122.jpg\" alt=\"\" decoding=\"async\" loading=\"lazy\" srcset=\"https:\/\/mightymac.com.mx\/wp-content\/uploads\/2023\/07\/slide1-1-300x122.jpg 300w, https:\/\/mightymac.com.mx\/wp-content\/uploads\/2023\/07\/slide1-1-768x313.jpg 768w, https:\/\/mightymac.com.mx\/wp-content\/uploads\/2023\/07\/slide1-1-18x7.jpg 18w, https:\/\/mightymac.com.mx\/wp-content\/uploads\/2023\/07\/slide1-1-800x327.jpg 800w, https:\/\/mightymac.com.mx\/wp-content\/uploads\/2023\/07\/slide1-1.jpg 980w\" sizes=\"auto, (max-width: 300px) 100vw, 300px\" \/>\t<\/a>\n\t\t<h3 itemprop=\"headline\">\n\t\t\t<a href=\"https:\/\/mightymac.com.mx\/es\/drawing-specifications\/\" title=\"Dibujo y especificaciones\">Dibujo y especificaciones<\/a>\n\t\t<\/h3>\n\t\t\t\t\t\t<p>Explora nuestros detallados dibujos y especificaciones para una variedad de sistemas, que van desde plantas de 500 GPD hasta 4,500 GPD. Recursos disponibles en ingl\u00e9s y espa\u00f1ol. Ideales para la planificaci\u00f3n e implementaci\u00f3n de proyectos.<\/p>\n\t\t\t\t\t\t\t\t\t<a href=\"https:\/\/mightymac.com.mx\/es\/drawing-specifications\/\" title=\"Dibujo y especificaciones\">Leer M\u00e1s<\/a>\n\t<meta itemscope itemprop=\"mainEntityOfPage\" itemtype=\"https:\/\/schema.org\/WebPage\" itemid=\"https:\/\/mightymac.com.mx\/grundfos-pumps\/\" content=\"Grundfos Pumps\" \/><meta itemprop=\"datePublished\" content=\"2023-07-01\" \/><meta itemprop=\"dateModified\" content=\"2023-07-04\" \/><meta itemprop=\"name\" content=\"Mighty Mac Co\"\/><meta itemprop=\"url\" content=\"https:\/\/mightymac.com.mx\/author\/bill\/\" \/><meta itemprop=\"name\" content=\"Bill Bugg\" \/><meta itemprop=\"url\" content=\"https:\/\/mightymac.com.mx\/wp-content\/uploads\/2023\/07\/pump-design-submersible-groundwater-pumps.jpg\" \/><meta itemprop=\"width\" content=\"1305\" \/><meta itemprop=\"height\" content=\"492\" \/><meta itemprop=\"interactionType\" content=\"https:\/\/schema.org\/CommentAction\" \/><meta itemprop=\"userInteractionCount\" content=\"0\" \/>\t\n\t<a href=\"https:\/\/mightymac.com.mx\/es\/grundfos-pumps\/\" rel=\"bookmark\" title=\"Bombas Grundfos\">\n\t\t<img width=\"300\" height=\"113\" src=\"https:\/\/mightymac.com.mx\/wp-content\/uploads\/2023\/07\/pump-design-submersible-groundwater-pumps-300x113.jpg\" alt=\"\" decoding=\"async\" loading=\"lazy\" srcset=\"https:\/\/mightymac.com.mx\/wp-content\/uploads\/2023\/07\/pump-design-submersible-groundwater-pumps-300x113.jpg 300w, https:\/\/mightymac.com.mx\/wp-content\/uploads\/2023\/07\/pump-design-submersible-groundwater-pumps-1024x386.jpg 1024w, https:\/\/mightymac.com.mx\/wp-content\/uploads\/2023\/07\/pump-design-submersible-groundwater-pumps-768x290.jpg 768w, https:\/\/mightymac.com.mx\/wp-content\/uploads\/2023\/07\/pump-design-submersible-groundwater-pumps-18x7.jpg 18w, https:\/\/mightymac.com.mx\/wp-content\/uploads\/2023\/07\/pump-design-submersible-groundwater-pumps-800x302.jpg 800w, https:\/\/mightymac.com.mx\/wp-content\/uploads\/2023\/07\/pump-design-submersible-groundwater-pumps.jpg 1305w\" sizes=\"auto, (max-width: 300px) 100vw, 300px\" \/>\t<\/a>\n\t\t<h3 itemprop=\"headline\">\n\t\t\t<a href=\"https:\/\/mightymac.com.mx\/es\/grundfos-pumps\/\" title=\"Bombas Grundfos\">Bombas Grundfos<\/a>\n\t\t<\/h3>\n\t\t\t\t\t\t<p>Explora nuestro completo recurso sobre las bombas de agua subterr\u00e1nea de Grundfos. Ideal para comprender las especificaciones y funciones de estos avanzados sistemas de bombeo.<\/p>\n\t\t\t\t\t\t\t\t\t<a href=\"https:\/\/mightymac.com.mx\/es\/grundfos-pumps\/\" title=\"Bombas Grundfos\">Leer M\u00e1s<\/a>\n\t<meta itemscope itemprop=\"mainEntityOfPage\" itemtype=\"https:\/\/schema.org\/WebPage\" itemid=\"https:\/\/mightymac.com.mx\/effluent-filters\/\" content=\"Effluent Filters\" \/><meta itemprop=\"datePublished\" content=\"2023-07-01\" \/><meta itemprop=\"dateModified\" content=\"2023-07-04\" \/><meta itemprop=\"name\" content=\"Mighty Mac Co\"\/><meta itemprop=\"url\" content=\"https:\/\/mightymac.com.mx\/author\/bill\/\" \/><meta itemprop=\"name\" content=\"Bill Bugg\" \/><meta itemprop=\"url\" content=\"https:\/\/mightymac.com.mx\/wp-content\/uploads\/2023\/07\/Effluent-Filters.png\" \/><meta itemprop=\"width\" content=\"1020\" \/><meta itemprop=\"height\" content=\"518\" \/><meta itemprop=\"interactionType\" content=\"https:\/\/schema.org\/CommentAction\" \/><meta itemprop=\"userInteractionCount\" content=\"0\" \/>\t\n\t<a href=\"https:\/\/mightymac.com.mx\/es\/effluent-filters\/\" rel=\"bookmark\" title=\"Filtros de efluentes\">\n\t\t<img width=\"300\" height=\"152\" src=\"https:\/\/mightymac.com.mx\/wp-content\/uploads\/2023\/07\/Effluent-Filters-300x152.png\" alt=\"\" decoding=\"async\" loading=\"lazy\" srcset=\"https:\/\/mightymac.com.mx\/wp-content\/uploads\/2023\/07\/Effluent-Filters-300x152.png 300w, https:\/\/mightymac.com.mx\/wp-content\/uploads\/2023\/07\/Effluent-Filters-768x390.png 768w, https:\/\/mightymac.com.mx\/wp-content\/uploads\/2023\/07\/Effluent-Filters-18x9.png 18w, https:\/\/mightymac.com.mx\/wp-content\/uploads\/2023\/07\/Effluent-Filters-800x406.png 800w, https:\/\/mightymac.com.mx\/wp-content\/uploads\/2023\/07\/Effluent-Filters.png 1020w\" sizes=\"auto, (max-width: 300px) 100vw, 300px\" \/>\t<\/a>\n\t\t<h3 itemprop=\"headline\">\n\t\t\t<a href=\"https:\/\/mightymac.com.mx\/es\/effluent-filters\/\" title=\"Filtros de efluentes\">Filtros de efluentes<\/a>\n\t\t<\/h3>\n\t\t\t\t\t\t<p>Sum\u00e9rgete en nuestros recursos sobre filtros de efluentes. Accede a informaci\u00f3n detallada sobre el filtro Tuf-Tite, la caja de distribuci\u00f3n Tuf-Tite y los filtros de efluentes gravitacionales Polylok. Ideales para comprender el funcionamiento y los beneficios de estos sistemas vitales.<\/p>\n\t\t\t\t\t\t\t\t\t<a href=\"https:\/\/mightymac.com.mx\/es\/effluent-filters\/\" title=\"Filtros de efluentes\">Leer M\u00e1s<\/a>\n\t<meta itemscope itemprop=\"mainEntityOfPage\" itemtype=\"https:\/\/schema.org\/WebPage\" itemid=\"https:\/\/mightymac.com.mx\/dealers-distributors\/\" content=\"Dealers &amp; Distributors\" \/><meta itemprop=\"datePublished\" content=\"2023-07-01\" \/><meta itemprop=\"dateModified\" content=\"2023-07-04\" \/><meta itemprop=\"name\" content=\"Mighty Mac Co\"\/><meta itemprop=\"url\" content=\"https:\/\/mightymac.com.mx\/author\/bill\/\" \/><meta itemprop=\"name\" content=\"Bill Bugg\" \/><meta itemprop=\"url\" content=\"https:\/\/mightymac.com.mx\/wp-content\/uploads\/2015\/03\/mightymac-picture.jpg\" \/><meta itemprop=\"width\" content=\"761\" \/><meta itemprop=\"height\" content=\"599\" \/><meta itemprop=\"interactionType\" content=\"https:\/\/schema.org\/CommentAction\" \/><meta itemprop=\"userInteractionCount\" content=\"0\" \/>\t\n\t<a href=\"https:\/\/mightymac.com.mx\/es\/dealers-distributors\/\" rel=\"bookmark\" title=\"Distribuidores y distribuidores autorizados\">\n\t\t<img width=\"300\" height=\"236\" src=\"https:\/\/mightymac.com.mx\/wp-content\/uploads\/2015\/03\/mightymac-picture-300x236.jpg\" alt=\"\" decoding=\"async\" loading=\"lazy\" srcset=\"https:\/\/mightymac.com.mx\/wp-content\/uploads\/2015\/03\/mightymac-picture-300x236.jpg 300w, https:\/\/mightymac.com.mx\/wp-content\/uploads\/2015\/03\/mightymac-picture.jpg 761w\" sizes=\"auto, (max-width: 300px) 100vw, 300px\" \/>\t<\/a>\n\t\t<h3 itemprop=\"headline\">\n\t\t\t<a href=\"https:\/\/mightymac.com.mx\/es\/dealers-distributors\/\" title=\"Distribuidores y distribuidores autorizados\">Distribuidores y distribuidores autorizados<\/a>\n\t\t<\/h3>\n\t\t\t\t\t\t<p>Discover our resource library for Dealers &#038; Distributors, including the Mighty Mac Logo in various formats, our informative Brochures in English and Spanish, and comprehensive Homeowner&#8217;s Manuals. Ideal for providing the best support to your customers.<\/p>\n\t\t\t\t\t\t\t\t\t<a href=\"https:\/\/mightymac.com.mx\/es\/dealers-distributors\/\" title=\"Distribuidores y distribuidores autorizados\">Leer M\u00e1s<\/a>\n\t<meta itemscope itemprop=\"mainEntityOfPage\" itemtype=\"https:\/\/schema.org\/WebPage\" itemid=\"https:\/\/mightymac.com.mx\/publications\/\" content=\"Publications\" \/><meta itemprop=\"datePublished\" content=\"2023-07-01\" \/><meta itemprop=\"dateModified\" content=\"2023-07-04\" \/><meta itemprop=\"name\" content=\"Mighty Mac Co\"\/><meta itemprop=\"url\" content=\"https:\/\/mightymac.com.mx\/author\/bill\/\" \/><meta itemprop=\"name\" content=\"Bill Bugg\" \/><meta itemprop=\"url\" content=\"https:\/\/mightymac.com.mx\/wp-content\/uploads\/2023\/07\/Decentralized-Aerobic-Treatment-Systems.png\" \/><meta itemprop=\"width\" content=\"1215\" \/><meta itemprop=\"height\" content=\"700\" \/><meta itemprop=\"interactionType\" content=\"https:\/\/schema.org\/CommentAction\" \/><meta itemprop=\"userInteractionCount\" content=\"0\" \/>\t\n\t<a href=\"https:\/\/mightymac.com.mx\/es\/publications\/\" rel=\"bookmark\" title=\"Publicaciones\">\n\t\t<img width=\"300\" height=\"173\" src=\"https:\/\/mightymac.com.mx\/wp-content\/uploads\/2023\/07\/Decentralized-Aerobic-Treatment-Systems-300x173.png\" alt=\"\" decoding=\"async\" loading=\"lazy\" srcset=\"https:\/\/mightymac.com.mx\/wp-content\/uploads\/2023\/07\/Decentralized-Aerobic-Treatment-Systems-300x173.png 300w, https:\/\/mightymac.com.mx\/wp-content\/uploads\/2023\/07\/Decentralized-Aerobic-Treatment-Systems-1024x590.png 1024w, https:\/\/mightymac.com.mx\/wp-content\/uploads\/2023\/07\/Decentralized-Aerobic-Treatment-Systems-768x442.png 768w, https:\/\/mightymac.com.mx\/wp-content\/uploads\/2023\/07\/Decentralized-Aerobic-Treatment-Systems-18x10.png 18w, https:\/\/mightymac.com.mx\/wp-content\/uploads\/2023\/07\/Decentralized-Aerobic-Treatment-Systems-800x461.png 800w, https:\/\/mightymac.com.mx\/wp-content\/uploads\/2023\/07\/Decentralized-Aerobic-Treatment-Systems.png 1215w\" sizes=\"auto, (max-width: 300px) 100vw, 300px\" \/>\t<\/a>\n\t\t<h3 itemprop=\"headline\">\n\t\t\t<a href=\"https:\/\/mightymac.com.mx\/es\/publications\/\" title=\"Publicaciones\">Publicaciones<\/a>\n\t\t<\/h3>\n\t\t\t\t\t\t<p>Obt\u00e9n las \u00faltimas perspectivas de nuestra colecci\u00f3n de publicaciones, que abarca una variedad de temas que incluyen la eliminaci\u00f3n progresiva de sistemas s\u00e9pticos, datos sobre el tratamiento aer\u00f3bico, gu\u00edas sobre aguas grises y m\u00e1s. Perfecto para profundizar tu comprensi\u00f3n de los sistemas descentralizados de tratamiento aer\u00f3bico.<\/p>\n\t\t\t\t\t\t\t\t\t<a href=\"https:\/\/mightymac.com.mx\/es\/publications\/\" title=\"Publicaciones\">Leer M\u00e1s<\/a>\n\t<meta itemscope itemprop=\"mainEntityOfPage\" itemtype=\"https:\/\/schema.org\/WebPage\" itemid=\"https:\/\/mightymac.com.mx\/subsurface-irrigation\/\" content=\"Sub-Surface Irrigation\" \/><meta itemprop=\"datePublished\" content=\"2023-07-01\" \/><meta itemprop=\"dateModified\" content=\"2023-07-07\" \/><meta itemprop=\"name\" content=\"Mighty Mac Co\"\/><meta itemprop=\"url\" content=\"https:\/\/mightymac.com.mx\/author\/bill\/\" \/><meta itemprop=\"name\" content=\"Bill Bugg\" \/><meta itemprop=\"url\" content=\"https:\/\/mightymac.com.mx\/wp-content\/uploads\/2023\/07\/subsurface_irrigation.jpeg\" \/><meta itemprop=\"width\" content=\"1000\" \/><meta itemprop=\"height\" content=\"493\" \/><meta itemprop=\"interactionType\" content=\"https:\/\/schema.org\/CommentAction\" \/><meta itemprop=\"userInteractionCount\" content=\"0\" \/>\t\n\t<a href=\"https:\/\/mightymac.com.mx\/es\/subsurface-irrigation\/\" rel=\"bookmark\" title=\"Riego Subterr\u00e1neo\">\n\t\t<img width=\"300\" height=\"148\" src=\"https:\/\/mightymac.com.mx\/wp-content\/uploads\/2023\/07\/subsurface_irrigation-300x148.jpeg\" alt=\"\" decoding=\"async\" loading=\"lazy\" srcset=\"https:\/\/mightymac.com.mx\/wp-content\/uploads\/2023\/07\/subsurface_irrigation-300x148.jpeg 300w, https:\/\/mightymac.com.mx\/wp-content\/uploads\/2023\/07\/subsurface_irrigation-768x379.jpeg 768w, https:\/\/mightymac.com.mx\/wp-content\/uploads\/2023\/07\/subsurface_irrigation-18x9.jpeg 18w, https:\/\/mightymac.com.mx\/wp-content\/uploads\/2023\/07\/subsurface_irrigation-800x394.jpeg 800w, https:\/\/mightymac.com.mx\/wp-content\/uploads\/2023\/07\/subsurface_irrigation.jpeg 1000w\" sizes=\"auto, (max-width: 300px) 100vw, 300px\" \/>\t<\/a>\n\t\t<h3 itemprop=\"headline\">\n\t\t\t<a href=\"https:\/\/mightymac.com.mx\/es\/subsurface-irrigation\/\" title=\"Riego Subterr\u00e1neo\">Riego Subterr\u00e1neo<\/a>\n\t\t<\/h3>\n\t\t\t\t\t\t<p>Sum\u00e9rgete en nuestros completos recursos sobre irrigaci\u00f3n subsuperficial. Descarga nuestros manuales detallados, gu\u00edas y pr\u00e1ctica calculadora de sistemas de goteo para comprender mejor y gestionar eficientemente tu sistema de riego.<\/p>\n\t\t\t\t\t\t\t\t\t<a href=\"https:\/\/mightymac.com.mx\/es\/subsurface-irrigation\/\" title=\"Riego Subterr\u00e1neo\">Leer M\u00e1s<\/a>\n\t<meta itemscope itemprop=\"mainEntityOfPage\" itemtype=\"https:\/\/schema.org\/WebPage\" itemid=\"https:\/\/mightymac.com.mx\/hiblow-linear-blowers\/\" content=\"Hiblow Linear Blowers\" \/><meta itemprop=\"datePublished\" content=\"2023-07-01\" \/><meta itemprop=\"dateModified\" content=\"2023-07-04\" \/><meta itemprop=\"name\" content=\"Mighty Mac Co\"\/><meta itemprop=\"url\" content=\"https:\/\/mightymac.com.mx\/author\/bill\/\" \/><meta itemprop=\"name\" content=\"Bill Bugg\" \/><meta itemprop=\"url\" content=\"https:\/\/mightymac.com.mx\/wp-content\/uploads\/2023\/07\/hiblow-linear-blowers.jpeg\" \/><meta itemprop=\"width\" content=\"1000\" \/><meta itemprop=\"height\" content=\"859\" \/><meta itemprop=\"interactionType\" content=\"https:\/\/schema.org\/CommentAction\" \/><meta itemprop=\"userInteractionCount\" content=\"0\" \/>\t\n\t<a href=\"https:\/\/mightymac.com.mx\/es\/hiblow-linear-blowers\/\" rel=\"bookmark\" title=\"Bomba de aire estanque s\u00e9ptico Hiblow\">\n\t\t<img width=\"300\" height=\"258\" src=\"https:\/\/mightymac.com.mx\/wp-content\/uploads\/2023\/07\/hiblow-linear-blowers-300x258.jpeg\" alt=\"\" decoding=\"async\" loading=\"lazy\" srcset=\"https:\/\/mightymac.com.mx\/wp-content\/uploads\/2023\/07\/hiblow-linear-blowers-300x258.jpeg 300w, https:\/\/mightymac.com.mx\/wp-content\/uploads\/2023\/07\/hiblow-linear-blowers-768x660.jpeg 768w, https:\/\/mightymac.com.mx\/wp-content\/uploads\/2023\/07\/hiblow-linear-blowers-14x12.jpeg 14w, https:\/\/mightymac.com.mx\/wp-content\/uploads\/2023\/07\/hiblow-linear-blowers-800x687.jpeg 800w, https:\/\/mightymac.com.mx\/wp-content\/uploads\/2023\/07\/hiblow-linear-blowers.jpeg 1000w\" sizes=\"auto, (max-width: 300px) 100vw, 300px\" \/>\t<\/a>\n\t\t<h3 itemprop=\"headline\">\n\t\t\t<a href=\"https:\/\/mightymac.com.mx\/es\/hiblow-linear-blowers\/\" title=\"Bomba de aire estanque s\u00e9ptico Hiblow\">Bomba de aire estanque s\u00e9ptico Hiblow<\/a>\n\t\t<\/h3>\n\t\t\t\t\t\t<p>Explora nuestros valiosos recursos para los sopladores lineales Hiblow. Encuentra datos detallados sobre los modelos HP-100LL-HP-120LL-data1, Hiblow-HP20-HP80 y Hiblow-HP100-HP200, disponibles para su descarga.<\/p>\n\t\t\t\t\t\t\t\t\t<a href=\"https:\/\/mightymac.com.mx\/es\/hiblow-linear-blowers\/\" title=\"Bomba de aire estanque s\u00e9ptico Hiblow\">Leer M\u00e1s<\/a>\n\t<meta itemscope itemprop=\"mainEntityOfPage\" itemtype=\"https:\/\/schema.org\/WebPage\" itemid=\"https:\/\/mightymac.com.mx\/chlorinators\/\" content=\"Chlorinators\" \/><meta itemprop=\"datePublished\" content=\"2023-07-01\" \/><meta itemprop=\"dateModified\" content=\"2023-07-04\" \/><meta itemprop=\"name\" content=\"Mighty Mac Co\"\/><meta itemprop=\"url\" content=\"https:\/\/mightymac.com.mx\/author\/bill\/\" \/><meta itemprop=\"name\" content=\"Bill Bugg\" \/><meta itemprop=\"url\" content=\"https:\/\/mightymac.com.mx\/wp-content\/uploads\/2023\/07\/biodyanmic-1.jpg\" \/><meta itemprop=\"width\" content=\"340\" \/><meta itemprop=\"height\" content=\"250\" \/><meta itemprop=\"interactionType\" content=\"https:\/\/schema.org\/CommentAction\" \/><meta itemprop=\"userInteractionCount\" content=\"0\" \/>\t\n\t<a href=\"https:\/\/mightymac.com.mx\/es\/chlorinators\/\" rel=\"bookmark\" title=\"Cloradores\">\n\t\t<img width=\"300\" height=\"221\" src=\"https:\/\/mightymac.com.mx\/wp-content\/uploads\/2023\/07\/biodyanmic-1-300x221.jpg\" alt=\"\" decoding=\"async\" loading=\"lazy\" srcset=\"https:\/\/mightymac.com.mx\/wp-content\/uploads\/2023\/07\/biodyanmic-1-300x221.jpg 300w, https:\/\/mightymac.com.mx\/wp-content\/uploads\/2023\/07\/biodyanmic-1-16x12.jpg 16w, https:\/\/mightymac.com.mx\/wp-content\/uploads\/2023\/07\/biodyanmic-1.jpg 340w\" sizes=\"auto, (max-width: 300px) 100vw, 300px\" \/>\t<\/a>\n\t\t<h3 itemprop=\"headline\">\n\t\t\t<a href=\"https:\/\/mightymac.com.mx\/es\/chlorinators\/\" title=\"Cloradores\">Cloradores<\/a>\n\t\t<\/h3>\n\t\t\t\t\t\t<p>Dise\u00f1amos nuestros alimentadores de tabletas biodin\u00e1micos para proporcionar una cloraci\u00f3n y decloraci\u00f3n efectiva proporcional al flujo.<\/p>\n\t\t\t\t\t\t\t\t\t<a href=\"https:\/\/mightymac.com.mx\/es\/chlorinators\/\" title=\"Cloradores\">Leer M\u00e1s<\/a>","protected":false},"excerpt":{"rendered":"<p>Blue Diamond Linear Blowers Explore our valuable resources for Blue Diamond Linear Blowers. Find detailed data on ET SERIES DS 2018 models, available for download. Read More About Mighty Mac Learn more about Mighty Mac through our extensive resources. Download brochures, homeowners&#8217; manuals, service policies, and more, available in both [&hellip;]<\/p>\n","protected":false},"author":3,"featured_media":0,"parent":0,"menu_order":0,"comment_status":"closed","ping_status":"closed","template":"","meta":{"footnotes":""},"class_list":["post-6031","page","type-page","status-publish","hentry"],"_links":{"self":[{"href":"https:\/\/mightymac.com.mx\/es\/wp-json\/wp\/v2\/pages\/6031","targetHints":{"allow":["GET"]}}],"collection":[{"href":"https:\/\/mightymac.com.mx\/es\/wp-json\/wp\/v2\/pages"}],"about":[{"href":"https:\/\/mightymac.com.mx\/es\/wp-json\/wp\/v2\/types\/page"}],"author":[{"embeddable":true,"href":"https:\/\/mightymac.com.mx\/es\/wp-json\/wp\/v2\/users\/3"}],"replies":[{"embeddable":true,"href":"https:\/\/mightymac.com.mx\/es\/wp-json\/wp\/v2\/comments?post=6031"}],"version-history":[{"count":8,"href":"https:\/\/mightymac.com.mx\/es\/wp-json\/wp\/v2\/pages\/6031\/revisions"}],"predecessor-version":[{"id":6256,"href":"https:\/\/mightymac.com.mx\/es\/wp-json\/wp\/v2\/pages\/6031\/revisions\/6256"}],"wp:attachment":[{"href":"https:\/\/mightymac.com.mx\/es\/wp-json\/wp\/v2\/media?parent=6031"}],"curies":[{"name":"wp","href":"https:\/\/api.w.org\/{rel}","templated":true}]}}