{"id":5734,"date":"2020-04-06T19:25:28","date_gmt":"2020-04-06T19:25:28","guid":{"rendered":"https:\/\/demo.wpzoom.com\/presence-dark-xml\/?page_id=5734"},"modified":"2023-07-22T13:10:38","modified_gmt":"2023-07-22T17:10:38","slug":"homepage","status":"publish","type":"page","link":"https:\/\/mightymac.com.mx\/es\/","title":{"rendered":"Homepage"},"content":{"rendered":"<iframe title=\"Mighty Mac Intro\" src=\"https:\/\/player.vimeo.com\/video\/843371428?badge=0&amp;autopause=0&amp;player_id=0&amp;app_id=58479\" frameborder=\"0\" allowfullscreen=\"allowfullscreen\"><\/iframe>\n\n\t<p class=\"translation-block\">Las <strong>Plantas de Tratamiento de Aguas Residuales Aer\u00f3bicas de Mighty Mac<\/strong> ofrecen una excelente soluci\u00f3n a la contaminaci\u00f3n del agua subterr\u00e1nea causada por sistemas s\u00e9pticos. <strong>Mighty Mac<\/strong> hace posible reciclar todas sus aguas residuales dom\u00e9sticas para riego.<\/p>\n<p>&nbsp;<\/p>\n<p class=\"translation-block\"><strong>Mighty Mac<\/strong> est\u00e1 combatiendo la contaminaci\u00f3n ambiental una casa a la vez.<\/p>\n\t\t\t<a href=\"https:\/\/mightymac.com.mx\/es\/mighty-mac\/\" target=\"_self\" role=\"button\" rel=\"noopener\">\n\t\t\t\t\t\tLeer M\u00e1s\n\t\t<\/a>\n\t<h2>\n\t\t\t\t\tServicios\n\t\t\t\t<\/h2>\n\t\t\t\t<figure>\n\t\t\t\t\t\t\t<a href=\"https:\/\/mightymac.com.mx\/es\/mighty-mac\/\" title=\"Revoluci\u00f3n Aer\u00f3bica\" target=\"_self\" rel=\"noopener\"><\/a>\n\t\t\t\t<img decoding=\"async\" src=\"https:\/\/mightymac.com.mx\/wp-content\/uploads\/2015\/03\/mightymac-picture.jpg\" alt=\"mightymac-picture\" itemprop=\"image\"\/>\n\t\t\t<figcaption>\n\t\t\t\t<h3>Revoluci\u00f3n Aer\u00f3bica<\/h3>\n\t\t\t\t\t\t\t\t\t\t\t\t\t<p>Mighty Mac&#8217;s treatment plant reuses black water, reduces costs, and blends with landscapes. Your eco-friendly, smart solution.<\/p>\n\t\t\t<a href=\"https:\/\/mightymac.com.mx\/es\/mighty-mac\/\" target=\"_self\" role=\"button\" rel=\"noopener\">\n\t\t\t\t\t\tLeer M\u00e1s\n\t\t<\/a>\n\t\t\t\t<\/figcaption>\n\t\t<\/figure>\n\t\t\t\t<figure>\n\t\t\t\t\t\t\t<a href=\"https:\/\/mightymac.com.mx\/es\/installation-for-single-family-residential\/\" title=\"Revisi\u00f3n S\u00e9ptica\" target=\"_self\" rel=\"noopener\"><\/a>\n\t\t\t\t<img decoding=\"async\" src=\"https:\/\/mightymac.com.mx\/wp-content\/uploads\/2015\/03\/Image-14.jpg\" alt=\"Image-14\" itemprop=\"image\"\/>\n\t\t\t<figcaption>\n\t\t\t\t<h3>Revisi\u00f3n S\u00e9ptica<\/h3>\n\t\t\t\t\t\t\t\t\t\t\t\t\t<p>Mighty Mac improves public health and property values by replacing illegal septic systems, conserving water, and protecting the environment.<\/p>\n\t\t\t<a href=\"https:\/\/mightymac.com.mx\/es\/installation-for-single-family-residential\/\" target=\"_self\" role=\"button\" rel=\"noopener\">\n\t\t\t\t\t\tLeer M\u00e1s\n\t\t<\/a>\n\t\t\t\t<\/figcaption>\n\t\t<\/figure>\n\t\t\t\t<figure>\n\t\t\t\t\t\t\t<a href=\"https:\/\/mightymac.com.mx\/es\/6187-2\/\" title=\"Instalaci\u00f3n Sin Esfuerzo\" target=\"_self\" rel=\"noopener\"><\/a>\n\t\t\t\t<img decoding=\"async\" src=\"https:\/\/mightymac.com.mx\/wp-content\/uploads\/2023\/07\/difficultsites.jpg\" alt=\"difficultsites\" itemprop=\"image\"\/>\n\t\t\t<figcaption>\n\t\t\t\t<h3>Instalaci\u00f3n Sin Esfuerzo<\/h3>\n\t\t\t\t\t\t\t\t\t\t\t\t\t<p>Mighty Mac hace que la instalaci\u00f3n de plantas de tratamiento de aguas residuales en sitios desafiantes sea simple. Solo excava, coloca, llena y enchufa. \u00a1Instalaci\u00f3n sin complicaciones!<\/p>\n\t\t\t<a href=\"https:\/\/mightymac.com.mx\/es\/6187-2\/\" target=\"_self\" role=\"button\" rel=\"noopener\">\n\t\t\t\t\t\tLeer M\u00e1s\n\t\t<\/a>\n\t\t\t\t<\/figcaption>\n\t\t<\/figure>\n\t<h2>\n\t\t\t\t\tNuestra direcci\u00f3n\n\t\t\t\t<\/h2>\n\t\t\t<p><em>Plaza Victoria. A16 Bodega 8, Col. El Tezal Cabo San Lucas, B.C.S., Mexico C.P. 23454<\/em><\/p>\n\t<iframe loading=\"lazy\" src=\"https:\/\/www.google.com\/maps\/embed?pb=!1m18!1m12!1m3!1d1280.0101388303742!2d-109.8908437762094!3d22.906083795294233!2m3!1f0!2f0!3f0!3m2!1i1024!2i768!4f13.1!3m3!1m2!1s0x86af4ba602eac623%3A0x1de8fa64892f2a75!2sMighty%20Mac%20Co%20S%20de%20RL%20de%20CV!5e0!3m2!1sen!2smx!4v1688279824097!5m2!1sen!2smx\" width=\"100%\" height=\"400\" frameborder=\"0\" allowfullscreen=\"allowfullscreen\"><\/iframe>","protected":false},"excerpt":{"rendered":"<p>Mighty Mac Aerobic Wastewater Treatment Plants\u00a0offer an excellent solution to ground water pollution caused by septic systems.\u00a0Mighty Mac\u00a0makes it possible to recycle all your domestic wastewater for irrigation. &nbsp; Mighty Mac\u00a0is fighting environmental pollution one house at a time. Read More Services Aerobic Revolution Mighty Mac&#8217;s treatment plant reuses black [&hellip;]<\/p>\n","protected":false},"author":3,"featured_media":0,"parent":0,"menu_order":0,"comment_status":"closed","ping_status":"closed","template":"page-templates\/homepage-builder-bb.php","meta":{"footnotes":""},"class_list":["post-5734","page","type-page","status-publish","hentry"],"_links":{"self":[{"href":"https:\/\/mightymac.com.mx\/es\/wp-json\/wp\/v2\/pages\/5734","targetHints":{"allow":["GET"]}}],"collection":[{"href":"https:\/\/mightymac.com.mx\/es\/wp-json\/wp\/v2\/pages"}],"about":[{"href":"https:\/\/mightymac.com.mx\/es\/wp-json\/wp\/v2\/types\/page"}],"author":[{"embeddable":true,"href":"https:\/\/mightymac.com.mx\/es\/wp-json\/wp\/v2\/users\/3"}],"replies":[{"embeddable":true,"href":"https:\/\/mightymac.com.mx\/es\/wp-json\/wp\/v2\/comments?post=5734"}],"version-history":[{"count":36,"href":"https:\/\/mightymac.com.mx\/es\/wp-json\/wp\/v2\/pages\/5734\/revisions"}],"predecessor-version":[{"id":6244,"href":"https:\/\/mightymac.com.mx\/es\/wp-json\/wp\/v2\/pages\/5734\/revisions\/6244"}],"wp:attachment":[{"href":"https:\/\/mightymac.com.mx\/es\/wp-json\/wp\/v2\/media?parent=5734"}],"curies":[{"name":"wp","href":"https:\/\/api.w.org\/{rel}","templated":true}]}}